{"id":15360,"date":"2022-08-26T11:22:54","date_gmt":"2022-08-26T09:22:54","guid":{"rendered":"https:\/\/www.scandibureau.com\/?page_id=15360"},"modified":"2022-09-15T12:56:16","modified_gmt":"2022-09-15T10:56:16","slug":"after-work-rentree-2022","status":"publish","type":"page","link":"https:\/\/www.scandibureau.com\/fr\/after-work-rentree-2022\/","title":{"rendered":"After Work rentr\u00e9e 2022"},"content":{"rendered":"<div class=\"row row-collapse row-full-width\"  id=\"row-210744301\">\n\n\t<div id=\"col-586149363\" class=\"col small-12 large-12\"  >\n\t\t\t\t<div class=\"col-inner\"  >\n\t\t\t\n\t\t\t\n\n\t<section class=\"section\" id=\"section_1667224235\">\n\t\t<div class=\"section-bg fill\" >\n\t\t\t<img loading=\"lazy\" decoding=\"async\" width=\"1280\" height=\"720\" src=\"https:\/\/www.scandibureau.com\/wp-content\/uploads\/2022\/04\/After-work-Scandi-Bureau.png\" class=\"bg attachment- size-\" alt=\"\" \/>\t\t\t\t\t\t<div class=\"section-bg-overlay absolute fill\"><\/div>\n\t\t\t\n\n\t\t<\/div>\n\n\t\t\n\n\t\t<div class=\"section-content relative\">\n\t\t\t\n<div class=\"row row-collapse align-center\" style=\"max-width:\" id=\"row-2100102702\">\n\n\t<div id=\"col-640373188\" class=\"col small-12 large-12\"  >\n\t\t\t\t<div class=\"col-inner text-center dark\"  >\n\t\t\t\n\t\t\t\n\t<div id=\"text-93206935\" class=\"text\">\n\t\t\n<h1><span style=\"font-size: 200%;\">AFTER WORK<\/span><\/h1>\n<h1><span style=\"font-size: 200%;\">Mercredi 28 septembre 2022\u00a0<\/span><\/h1>\n<p class=\"lead\"><span style=\"font-size: 120%;\">(inscription ci-dessous)<\/span><\/p>\n\t\t\n<style>\n#text-93206935 {\n  font-size: 0.75rem;\n}\n<\/style>\n\t<\/div>\n\t\n\t\t<\/div>\n\t\t\t\t\n<style>\n#col-640373188 > .col-inner {\n  padding: 100px 20px 101px 0px;\n}\n@media (min-width:550px) {\n  #col-640373188 > .col-inner {\n    padding: 100px 0px 100px 0px;\n  }\n}\n<\/style>\n\t<\/div>\n\n\t\n<\/div>\n\t\t<\/div>\n\n\t\t\n<style>\n#section_1667224235 {\n  padding-top: 0px;\n  padding-bottom: 0px;\n  min-height: 0px;\n}\n#section_1667224235 .section-bg-overlay {\n  background-color: rgba(0, 0, 0, 0.616);\n}\n#section_1667224235 .section-bg img {\n  object-position: 62% 100%;\n}\n@media (min-width:550px) {\n  #section_1667224235 {\n    padding-top: 0px;\n    padding-bottom: 0px;\n  }\n  #section_1667224235 .section-bg-overlay {\n    background-color: rgba(0, 0, 0, 0.21);\n  }\n}\n@media (min-width:850px) {\n  #section_1667224235 {\n    padding-top: 152px;\n    padding-bottom: 152px;\n  }\n  #section_1667224235 .section-bg-overlay {\n    background-color: rgba(0, 0, 0, 0.616);\n  }\n}\n<\/style>\n\t<\/section>\n\t\n\t\t<\/div>\n\t\t\t\t\n<style>\n#col-586149363 > .col-inner {\n  padding: 0px 0px 0px 0px;\n}\n@media (min-width:550px) {\n  #col-586149363 > .col-inner {\n    padding: 0px 30px 0px 30px;\n  }\n}\n<\/style>\n\t<\/div>\n\n\t\n<\/div>\n<div class=\"row row-large\" style=\"max-width:1400px\" id=\"row-2045148673\">\n\n\t<div id=\"col-550205686\" class=\"col small-12 large-12 small-col-first\"  >\n\t\t\t\t<div class=\"col-inner\" style=\"background-color:rgb(255, 255, 255);\" >\n\t\t\t\n\t\t\t\n<div class=\"row row-collapse row-full-width\"  id=\"row-1130772920\">\n\n\t<div id=\"col-609030796\" class=\"col medium-12 small-12 large-6\"  >\n\t\t\t\t<div class=\"col-inner\"  >\n\t\t\t\n\t\t\t\n<h2><span style=\"font-size: 120%;\">En route pour la fin d&rsquo;ann\u00e9e !<\/span><\/h2>\n<p>L&rsquo;\u00e9t\u00e9 touche \u00e0 sa fin, alors Scandi Bureau vous propose de le prolonger encore un peu avec un nouveau rendez-vous \u00ab <strong>After Work<\/strong> \u00bb.<\/p>\n<p>Nous vous accueillons pour partager un moment de convivialit\u00e9 autour d\u2019un verre le mercredi 28 septembre \u00e0 partir de 18 heures dans les locaux de Scandi Bureau !<\/p>\n<p>Le nombre des places \u00e9tant limit\u00e9, cette<strong> invitation est personnelle<\/strong>. Merci de nous confirmer votre pr\u00e9sence avant le<strong> 23 septembre 2022<\/strong> via le formulaire \u00e0 disposition.<\/p>\n<p>Au plaisir de vous retrouver !<\/p>\n\t<div id=\"gap-1610909744\" class=\"gap-element clearfix\" style=\"display:block; height:auto;\">\n\t\t\n<style>\n#gap-1610909744 {\n  padding-top: 20px;\n}\n@media (min-width:550px) {\n  #gap-1610909744 {\n    padding-top: 20px;\n  }\n}\n@media (min-width:850px) {\n  #gap-1610909744 {\n    padding-top: 30px;\n  }\n}\n<\/style>\n\t<\/div>\n\t\n<div class=\"row\"  id=\"row-1865270532\">\n\n\t<div id=\"col-955534680\" class=\"col medium-6 small-12 large-6\"  >\n\t\t\t\t<div class=\"col-inner\"  >\n\t\t\t\n\t\t\t\n\t<div class=\"img has-hover x md-x lg-x y md-y lg-y\" id=\"image_390139397\">\n\t\t\t\t\t\t\t\t<div class=\"img-inner dark\" >\n\t\t\t<img loading=\"lazy\" decoding=\"async\" width=\"240\" height=\"240\" src=\"https:\/\/www.scandibureau.com\/wp-content\/uploads\/2022\/04\/map-pin-2-fill-2.png\" class=\"attachment-large size-large\" alt=\"\" \/>\t\t\t\t\t\t\n\t\t\t\t\t<\/div>\n\t\t\t\t\t\t\t\t\n<style>\n#image_390139397 {\n  width: 15%;\n}\n@media (min-width:550px) {\n  #image_390139397 {\n    width: 20%;\n  }\n}\n<\/style>\n\t<\/div>\n\t\n<h3 class=\"uppercase\">AdressE<\/h3>\n<p>30 rue Godot de Mauroy<br \/>\n75009 Paris<\/p>\n\t\t<\/div>\n\t\t\t\t\t<\/div>\n\n\t\n\n\t<div id=\"col-704428985\" class=\"col medium-5 small-12 large-6\"  >\n\t\t\t\t<div class=\"col-inner\"  >\n\t\t\t\n\t\t\t\n\t<div class=\"img has-hover x md-x lg-x y md-y lg-y\" id=\"image_671517336\">\n\t\t\t\t\t\t\t\t<div class=\"img-inner dark\" >\n\t\t\t<img loading=\"lazy\" decoding=\"async\" width=\"240\" height=\"240\" src=\"https:\/\/www.scandibureau.com\/wp-content\/uploads\/2022\/04\/time-fill.png\" class=\"attachment-large size-large\" alt=\"\" \/>\t\t\t\t\t\t\n\t\t\t\t\t<\/div>\n\t\t\t\t\t\t\t\t\n<style>\n#image_671517336 {\n  width: 15%;\n}\n@media (min-width:550px) {\n  #image_671517336 {\n    width: 20%;\n  }\n}\n<\/style>\n\t<\/div>\n\t\n<h3 class=\"uppercase\">After Work Rentr\u00e9e<\/h3>\n<p>Mercredi 28 septembre 2022<br \/>\n\u00e0 partir de 18h00<\/p>\n\t\t<\/div>\n\t\t\t\t\t<\/div>\n\n\t\n<\/div>\n\t\t<\/div>\n\t\t\t\t\n<style>\n#col-609030796 > .col-inner {\n  padding: 0px 0px 0px 20px;\n}\n<\/style>\n\t<\/div>\n\n\t\n\n\t<div id=\"col-108085105\" class=\"col medium-12 small-12 large-6\"  >\n\t\t\t\t<div class=\"col-inner\"  >\n\t\t\t\n\t\t\t\n<h2><span style=\"font-size: 120%;\">Merci de confirmer votre pr\u00e9sence.<\/span><\/h2>\n\t<div id=\"gap-889254555\" class=\"gap-element clearfix\" style=\"display:block; height:auto;\">\n\t\t\n<style>\n#gap-889254555 {\n  padding-top: 20px;\n}\n@media (min-width:550px) {\n  #gap-889254555 {\n    padding-top: 20px;\n  }\n}\n@media (min-width:850px) {\n  #gap-889254555 {\n    padding-top: 30px;\n  }\n}\n<\/style>\n\t<\/div>\n\t\n[mailerlite_form form_id=4]\n\t\t<\/div>\n\t\t\t\t\t<\/div>\n\n\t\n\n<style>\n#row-1130772920 > .col > .col-inner {\n  padding: 0px 15px 0px 15px;\n}\n<\/style>\n<\/div>\n\t\t<\/div>\n\t\t\t\t\n<style>\n#col-550205686 > .col-inner {\n  padding: 50px 20px 0px 20px;\n  margin: -0 0px 0px 0px;\n}\n@media (min-width:550px) {\n  #col-550205686 > .col-inner {\n    padding: 50px 20px 30px 20px;\n    margin: 0 0px 0px 0px;\n  }\n}\n@media (min-width:850px) {\n  #col-550205686 > .col-inner {\n    padding: 66px 5% 16px 5%;\n    margin: -135px 0px 0px 0px;\n  }\n}\n<\/style>\n\t<\/div>\n\n\t\n<\/div>\n","protected":false},"excerpt":{"rendered":"","protected":false},"author":1,"featured_media":11082,"parent":0,"menu_order":0,"comment_status":"closed","ping_status":"closed","template":"page-blank.php","meta":{"footnotes":""},"_links":{"self":[{"href":"https:\/\/www.scandibureau.com\/fr\/wp-json\/wp\/v2\/pages\/15360\/"}],"collection":[{"href":"https:\/\/www.scandibureau.com\/fr\/wp-json\/wp\/v2\/pages\/"}],"about":[{"href":"https:\/\/www.scandibureau.com\/fr\/wp-json\/wp\/v2\/types\/page\/"}],"author":[{"embeddable":true,"href":"https:\/\/www.scandibureau.com\/fr\/wp-json\/wp\/v2\/users\/1\/"}],"replies":[{"embeddable":true,"href":"https:\/\/www.scandibureau.com\/fr\/wp-json\/wp\/v2\/comments\/?post=15360"}],"version-history":[{"count":4,"href":"https:\/\/www.scandibureau.com\/fr\/wp-json\/wp\/v2\/pages\/15360\/revisions\/"}],"predecessor-version":[{"id":15748,"href":"https:\/\/www.scandibureau.com\/fr\/wp-json\/wp\/v2\/pages\/15360\/revisions\/15748\/"}],"wp:featuredmedia":[{"embeddable":true,"href":"https:\/\/www.scandibureau.com\/fr\/wp-json\/wp\/v2\/media\/11082\/"}],"wp:attachment":[{"href":"https:\/\/www.scandibureau.com\/fr\/wp-json\/wp\/v2\/media\/?parent=15360"}],"curies":[{"name":"wp","href":"https:\/\/api.w.org\/{rel}","templated":true}]}}