{"id":16084,"date":"2022-10-07T14:44:55","date_gmt":"2022-10-07T12:44:55","guid":{"rendered":"https:\/\/www.scandibureau.com\/?page_id=16084"},"modified":"2022-10-12T16:43:34","modified_gmt":"2022-10-12T14:43:34","slug":"success-story-babybjorn","status":"publish","type":"page","link":"https:\/\/www.scandibureau.com\/fr\/temoignages\/success-story-babybjorn\/","title":{"rendered":"Success Story &#8211; BabyBj\u00f6rn"},"content":{"rendered":"\n\t<section class=\"section dark\" id=\"section_892427753\">\n\t\t<div class=\"section-bg fill\" >\n\t\t\t<img loading=\"lazy\" decoding=\"async\" width=\"1500\" height=\"998\" src=\"https:\/\/www.scandibureau.com\/wp-content\/uploads\/2017\/01\/Paris-Night-Lights.jpg\" class=\"bg attachment- size-\" alt=\"Scandi Bureau - expand business in France\" \/>\t\t\t\t\t\t<div class=\"section-bg-overlay absolute fill\"><\/div>\n\t\t\t\n\n\t\t<\/div>\n\n\t\t\n\n\t\t<div class=\"section-content relative\">\n\t\t\t\n<div class=\"row\"  id=\"row-242247634\">\n\n\t<div id=\"col-1135031651\" class=\"col medium-7 small-9 large-12\"  >\n\t\t\t\t<div class=\"col-inner text-center\"  >\n\t\t\t\n\t\t\t\n<h1><span style=\"font-size: 200%;\">Success Story BabyBj\u00f6rn<\/span><\/h1>\n\t\t<\/div>\n\t\t\t\t\t<\/div>\n\n\t\n<\/div>\n\t\t<\/div>\n\n\t\t\n<style>\n#section_892427753 {\n  padding-top: 100px;\n  padding-bottom: 100px;\n}\n#section_892427753 .section-bg-overlay {\n  background-color: rgba(0, 0, 0, 0.13);\n}\n#section_892427753 .section-bg img {\n  object-position: 1% 72%;\n}\n@media (min-width:550px) {\n  #section_892427753 {\n    padding-top: 140px;\n    padding-bottom: 140px;\n  }\n}\n@media (min-width:850px) {\n  #section_892427753 {\n    padding-top: 100px;\n    padding-bottom: 100px;\n  }\n}\n<\/style>\n\t<\/section>\n\t\n\n\t<section class=\"section\" id=\"section_543640946\">\n\t\t<div class=\"section-bg fill\" >\n\t\t\t\t\t\t\t\t\t\n\t\t\t\n\n\t\t<\/div>\n\n\t\t\n\n\t\t<div class=\"section-content relative\">\n\t\t\t\n<div class=\"row\"  id=\"row-1182762873\">\n\n\t<div id=\"col-535488682\" class=\"col small-12 large-12\"  >\n\t\t\t\t<div class=\"col-inner\" style=\"background-color:rgb(255,255,255);\" >\n\t\t\t\n\t\t\t\n<div class=\"row align-center\"  id=\"row-723442232\">\n\n\t<div id=\"col-1081709618\" class=\"col medium-9 small-10 large-10\"  >\n\t\t\t\t<div class=\"col-inner text-center\" style=\"background-color:rgb(255,255,255);\" >\n\t\t\t\n\t\t\t\n<div class=\"container section-title-container\" style=\"max-width:1200px;\"><h2 class=\"section-title section-title-center\"><b><\/b><span class=\"section-title-main\" style=\"font-size:80%;\">A propos du client<\/span><b><\/b><\/h2><\/div>\n\t\t<\/div>\n\t\t\t\t\n<style>\n#col-1081709618 > .col-inner {\n  margin: 20px 0px 20px 0px;\n}\n<\/style>\n\t<\/div>\n\n\t\n\n\t<div id=\"col-805060168\" class=\"col medium-7 small-12 large-7\"  >\n\t\t\t\t<div class=\"col-inner\" style=\"background-color:rgb(255,255,255);\" >\n\t\t\t\n\t\t\t\n<p>Cr\u00e9\u00e9e en 1961, BabyBj\u00f6rn est une entreprise familiale su\u00e9doise qui fabrique des produits s\u00fbrs, bien con\u00e7us et de qualit\u00e9 pour les b\u00e9b\u00e9s et les parents du monde entier. Leur passion consiste \u00e0 simplifier la vie au quotidien, \u00e0 favoriser les liens et \u00e0 aider les familles ayant de jeunes enfants \u00e0 profiter pleinement de chaque instant.<\/p>\n<p><em><strong>Employ\u00e9s : 150 &#8211; Chiffre d&rsquo;affaires : 1 milliard de couronnes su\u00e9doises par an.<\/strong><\/em><\/p>\n<a href=\"https:\/\/babybjorn.fr\" class=\"button secondary is-underline\" style=\"border-radius:4px;\" target=\"_blank\" rel=\"noopener\">\n\t\t<span>Visiter le site web<\/span>\n\t<\/a>\n\n\t\t<\/div>\n\t\t\t\t\t<\/div>\n\n\t\n\n\t<div id=\"col-1821112554\" class=\"col medium-3 small-12 large-3\"  >\n\t\t\t\t<div class=\"col-inner\"  >\n\t\t\t\n\t\t\t\n\t<div class=\"img has-hover x md-x lg-x y md-y lg-y\" id=\"image_319493086\">\n\t\t\t\t\t\t\t\t<div class=\"img-inner dark\" >\n\t\t\t<img loading=\"lazy\" decoding=\"async\" width=\"615\" height=\"177\" src=\"https:\/\/www.scandibureau.com\/wp-content\/uploads\/2016\/04\/babybjorn_article-e1606493908254.jpg\" class=\"attachment-large size-large\" alt=\"\" srcset=\"https:\/\/www.scandibureau.com\/wp-content\/uploads\/2016\/04\/babybjorn_article-e1606493908254.jpg 615w, https:\/\/www.scandibureau.com\/wp-content\/uploads\/2016\/04\/babybjorn_article-e1606493908254-600x173.jpg 600w\" sizes=\"(max-width: 615px) 100vw, 615px\" \/>\t\t\t\t\t\t\n\t\t\t\t\t<\/div>\n\t\t\t\t\t\t\t\t\n<style>\n#image_319493086 {\n  width: 100%;\n}\n<\/style>\n\t<\/div>\n\t\n\t\t<\/div>\n\t\t\t\t\t<\/div>\n\n\t\n\n<style>\n#row-723442232 > .col > .col-inner {\n  background-color: rgb(244, 244, 244);\n}\n<\/style>\n<\/div>\n\t\t<\/div>\n\t\t\t\t\n<style>\n#col-535488682 > .col-inner {\n  padding: 35px 0px 0px 0px;\n  margin: -70px 0px 0px 0px;\n}\n<\/style>\n\t<\/div>\n\n\t\n<\/div>\n\t\t<\/div>\n\n\t\t\n<style>\n#section_543640946 {\n  padding-top: 20px;\n  padding-bottom: 20px;\n  background-color: rgb(244, 244, 244);\n}\n<\/style>\n\t<\/section>\n\t\n\n\t<section class=\"section\" id=\"section_1818385724\">\n\t\t<div class=\"section-bg fill\" >\n\t\t\t\t\t\t\t\t\t\n\t\t\t\n\n\t\t<\/div>\n\n\t\t\n\n\t\t<div class=\"section-content relative\">\n\t\t\t\n<div class=\"row\"  id=\"row-433628016\">\n\n\t<div id=\"col-430544515\" class=\"col medium-8 small-12 large-8\"  >\n\t\t\t\t<div class=\"col-inner\"  >\n\t\t\t\n\t\t\t\n<div class=\"container section-title-container\" style=\"max-width:1200px;\"><h3 class=\"section-title section-title-bold\"><b><\/b><span class=\"section-title-main\" style=\"font-size:80%;color:rgb(254, 187, 53);\"><i class=\"icon-search\" ><\/i>Challenge<\/span><b><\/b><\/h3><\/div>\n\t\t<\/div>\n\t\t\t\t\n<style>\n#col-430544515 > .col-inner {\n  margin: 0px 0px 0px 0px;\n}\n<\/style>\n\t<\/div>\n\n\t\n\n\t<div id=\"col-918956763\" class=\"col medium-11 small-12 large-5\"  >\n\t\t\t\t<div class=\"col-inner\"  >\n\t\t\t\n\t\t\t\n<p>BabyBj\u00f6rn, parmi les leaders mondiaux des produits pour b\u00e9b\u00e9, souhaitait proposer un support local \u00e0 ses clients et utilisateurs finaux sur le march\u00e9 fran\u00e7ais.<\/p>\n\t\t<\/div>\n\t\t\t\t\t<\/div>\n\n\t\n\n\t<div id=\"col-1857669989\" class=\"col medium-11 small-12 large-5\"  >\n\t\t\t\t<div class=\"col-inner\"  >\n\t\t\t\n\t\t\t\n<p>L&rsquo;entreprise su\u00e9doise a donc fait appel \u00e0 la soci\u00e9t\u00e9 Scandi Bureau en 2010 pour offrir simultan\u00e9ment un contact en France pour les besoins des boutiques et un service client B2C.<\/p>\n\t\t<\/div>\n\t\t\t\t\t<\/div>\n\n\t\n\n<style>\n#row-433628016 > .col > .col-inner {\n  padding: 50px 0px 20px 0px;\n}\n@media (min-width:550px) {\n  #row-433628016 > .col > .col-inner {\n    padding: 0px 0px 0px 0px;\n  }\n}\n<\/style>\n<\/div>\n<div class=\"row\"  id=\"row-2129463\">\n\n\t<div id=\"col-2100300650\" class=\"col medium-10 small-12 large-10\"  >\n\t\t\t\t<div class=\"col-inner\"  >\n\t\t\t\n\t\t\t\n<blockquote style=\"font-size: 100%; font-style: normal;\">\n<p>Nous avons r\u00e9ellement appr\u00e9ci\u00e9 la r\u00e9activit\u00e9, le professionnalisme et le sens de la relation clients des \u00e9quipes au quotidien. Scandi Bureau a \u00e9t\u00e9 une partie int\u00e9grante de notre organisation en France pendant 12 ann\u00e9es de collaboration fructueuse.<\/p>\n<\/blockquote>\n\n\t\t<div class=\"icon-box featured-box circle icon-box-left text-left is-small\"  >\n\t\t\t\t\t<div class=\"icon-box-img\" style=\"width: 35px\">\n\t\t\t\t<div class=\"icon\">\n\t\t\t\t\t<div class=\"icon-inner\" >\n\t\t\t\t\t\t\t\t\t\t\t<\/div>\n\t\t\t\t<\/div>\n\t\t\t<\/div>\n\t\t\t\t<div class=\"icon-box-text last-reset\">\n\t\t\t\t\t\t\t\t\t\n<h3 style=\"margin-bottom: 0px;\">Fr\u00e9d\u00e9ric Guillaume<\/h3>\n<p>Regional Manager EMEA<\/p>\n\t\t<\/div>\n\t<\/div>\n\t\n\t\n\t\t<\/div>\n\t\t\t\t\t<\/div>\n\n\t\n<\/div>\n\t<div id=\"gap-1514849381\" class=\"gap-element clearfix\" style=\"display:block; height:auto;\">\n\t\t\n<style>\n#gap-1514849381 {\n  padding-top: 25px;\n}\n<\/style>\n\t<\/div>\n\t\n<div class=\"row\"  id=\"row-196111051\">\n\n\t<div id=\"col-1023419409\" class=\"col medium-8 small-12 large-8\"  >\n\t\t\t\t<div class=\"col-inner\"  >\n\t\t\t\n\t\t\t\n<div class=\"container section-title-container\" style=\"max-width:1200px;\"><h3 class=\"section-title section-title-bold\"><b><\/b><span class=\"section-title-main\" style=\"font-size:80%;color:rgb(209, 23, 28);\"><i class=\"icon-checkmark\" ><\/i>Solution<\/span><b><\/b><\/h3><\/div>\n\t\t<\/div>\n\t\t\t\t\t<\/div>\n\n\t\n\n\t<div id=\"col-1390084347\" class=\"col medium-11 small-12 large-5\"  >\n\t\t\t\t<div class=\"col-inner\"  >\n\t\t\t\n\t\t\t\n<p>Formation d&rsquo;une ressource Scandi Bureau aupr\u00e8s de la maison m\u00e8re pour assurer les missions de :\u00a0<\/p>\n<ul>\n<li>support produits,<\/li>\n<li>suivi de commandes,<\/li>\n<li>pr\u00e9sentation des nouveaux produits aupr\u00e8s des magasins et de formation \u00e0 la vente,\u00a0<\/li>\n<li>animation, mod\u00e9ration et gestion des r\u00e9seaux sociaux selon les directives des \u00e9quipes marketing de BabyBj\u00f6rn.\u00a0<\/li>\n<\/ul>\n\t\t<\/div>\n\t\t\t\t\t<\/div>\n\n\t\n\n\t<div id=\"col-1021183976\" class=\"col medium-11 small-12 large-5\"  >\n\t\t\t\t<div class=\"col-inner\"  >\n\t\t\t\n\t\t\t\n<p>Mise en place par Scandi Bureau de deux num\u00e9ros de t\u00e9l\u00e9phone d\u00e9di\u00e9s (consommateurs finaux et clients de BabyBj\u00f6rn) ainsi que d&rsquo;une adresse mail unique.<\/p>\n<p>Utilisation du service \u00ab\u00a0backoffice management\u00a0\u00bb de Scandi Bureau pour la d\u00e9claration de TVA mensuelle.<\/p>\n\t<div id=\"gap-655891958\" class=\"gap-element clearfix\" style=\"display:block; height:auto;\">\n\t\t\n<style>\n#gap-655891958 {\n  padding-top: 50px;\n}\n<\/style>\n\t<\/div>\n\t\n<a href=\"https:\/\/www.scandibureau.com\/fr\/nos-services\/\" target=\"_blank\" class=\"button primary\" rel=\"noopener\">\n\t\t<span>D\u00e9couvrez tous nos services<\/span>\n\t<\/a>\n\n\t\t<\/div>\n\t\t\t\t\t<\/div>\n\n\t\n\n<style>\n#row-196111051 > .col > .col-inner {\n  padding: 50px 0px 20px 0px;\n}\n@media (min-width:550px) {\n  #row-196111051 > .col > .col-inner {\n    padding: 0px 0px 0px 0px;\n  }\n}\n<\/style>\n<\/div>\n\t<div id=\"gap-900011777\" class=\"gap-element clearfix\" style=\"display:block; height:auto;\">\n\t\t\n<style>\n#gap-900011777 {\n  padding-top: 25px;\n}\n<\/style>\n\t<\/div>\n\t\n<div class=\"row align-center\"  id=\"row-409966887\">\n\n\t<div id=\"col-1523560699\" class=\"col medium-11 small-12 large-12\"  >\n\t\t\t\t<div class=\"col-inner\"  >\n\t\t\t\n\t\t\t\n<div class=\"row row-large align-middle\"  id=\"row-138509882\">\n\n\t<div id=\"col-1958707315\" class=\"col medium-8 small-12 large-5\"  >\n\t\t\t\t<div class=\"col-inner\"  >\n\t\t\t\n\t\t\t\n<div class=\"container section-title-container\" style=\"max-width:1200px;\"><h3 class=\"section-title section-title-bold\"><b><\/b><span class=\"section-title-main\" style=\"font-size:80%;\"><i class=\"icon-heart-o\" ><\/i>R\u00e9sultats<\/span><b><\/b><\/h3><\/div>\n<p>Un service continu pendant 12 ans (2010-2022) assur\u00e9 par une ressource unique et bilingue pour g\u00e9rer \u00e0 la fois les demandes du march\u00e9 fran\u00e7ais et solliciter les personnes ad\u00e9quates en Su\u00e8de.\u00a0<\/p>\n<p>Un support de qualit\u00e9 par un interlocuteur d\u00e9di\u00e9 pour traiter, mensuellement, en moyenne 300 mails, une centaine d&rsquo;appels entrants et les r\u00e9seaux sociaux (Facebook).<\/p>\n\t<div id=\"gap-716855658\" class=\"gap-element clearfix\" style=\"display:block; height:auto;\">\n\t\t\n<style>\n#gap-716855658 {\n  padding-top: 50px;\n}\n<\/style>\n\t<\/div>\n\t\n<a href=\"https:\/\/www.scandibureau.com\/wp-content\/uploads\/2022\/10\/Success-Story-BabyBjo\u0308rn-Scandi-Bureau_Oct2022-1.pdf\" target=\"_blank\" class=\"button secondary\" rel=\"noopener\">\n\t<i class=\"icon-expand\" aria-hidden=\"true\" ><\/i>\t<span>T\u00e9l\u00e9charger Success Story<\/span>\n\t<\/a>\n\n\t\t<\/div>\n\t\t\t\t\t<\/div>\n\n\t\n\n\t<div id=\"col-1169129659\" class=\"col medium-4 small-12 large-5 medium-col-first\"  >\n\t\t\t\t<div class=\"col-inner\"  >\n\t\t\t\n\t\t\t\n\t<div class=\"img has-hover x md-x lg-x y md-y lg-y\" id=\"image_1758354158\">\n\t\t\t\t\t\t\t\t<div class=\"img-inner image-cover dark\" style=\"padding-top:50%;\">\n\t\t\t<img loading=\"lazy\" decoding=\"async\" width=\"1020\" height=\"680\" src=\"https:\/\/www.scandibureau.com\/wp-content\/uploads\/2019\/06\/Mascotte-3-quart-arri\u00e8re-1200x800.jpg\" class=\"attachment-large size-large\" alt=\"references\" srcset=\"https:\/\/www.scandibureau.com\/wp-content\/uploads\/2019\/06\/Mascotte-3-quart-arri\u00e8re-1200x800.jpg 1200w, https:\/\/www.scandibureau.com\/wp-content\/uploads\/2019\/06\/Mascotte-3-quart-arri\u00e8re-600x400.jpg 600w, https:\/\/www.scandibureau.com\/wp-content\/uploads\/2019\/06\/Mascotte-3-quart-arri\u00e8re-768x512.jpg 768w\" sizes=\"(max-width: 1020px) 100vw, 1020px\" \/>\t\t\t\t\t\t\n\t\t\t\t\t<\/div>\n\t\t\t\t\t\t\t\t\n<style>\n#image_1758354158 {\n  width: 100%;\n}\n<\/style>\n\t<\/div>\n\t\n\t\t<\/div>\n\t\t\t\t\t<\/div>\n\n\t\n<\/div>\n\t\t<\/div>\n\t\t\t\t\t<\/div>\n\n\t\n<\/div>\n\t\t<\/div>\n\n\t\t\n<style>\n#section_1818385724 {\n  padding-top: 50px;\n  padding-bottom: 50px;\n  background-color: rgb(255, 255, 255);\n}\n<\/style>\n\t<\/section>\n\t\n\n\t<section class=\"section\" id=\"section_1999431054\">\n\t\t<div class=\"section-bg fill\" >\n\t\t\t\t\t\t\t\t\t\n\t\t\t\n\n\t\t<\/div>\n\n\t\t\n\n\t\t<div class=\"section-content relative\">\n\t\t\t\n<div class=\"row row-large steps-simple-headline\"  id=\"row-1306056695\">\n\n\t<div id=\"col-1032994567\" class=\"col medium-4 small-12 large-4\"  >\n\t\t\t\t<div class=\"col-inner\"  >\n\t\t\t\n\t\t\t\n<h2>Newsletter Scandi Bureau<\/h2>\n<p>Recevez nos derniers articles et restez inform\u00e9s des actualit\u00e9s de Scandi Bureau.<\/p>\n\t\t<\/div>\n\t\t\t\t\t<\/div>\n\n\t\n\n\t<div id=\"col-277568979\" class=\"col hide-for-medium medium-1 small-12 large-1\"  >\n\t\t\t\t<div class=\"col-inner\"  >\n\t\t\t\n\t\t\t\n\t<div id=\"gap-496624613\" class=\"gap-element clearfix\" style=\"display:block; height:auto;\">\n\t\t\n<style>\n#gap-496624613 {\n  padding-top: 30px;\n}\n<\/style>\n\t<\/div>\n\t\n\t\t<\/div>\n\t\t\t\t\t<\/div>\n\n\t\n\n\t<div id=\"col-586700650\" class=\"col medium-8 small-12 large-7\"  >\n\t\t\t\t<div class=\"col-inner\"  >\n\t\t\t\n\t\t\t\n\t<div id=\"text-1573351156\" class=\"text\">\n\t\t\n[mailerlite_form form_id=2]\n\t\t\n<style>\n#text-1573351156 {\n  text-align: center;\n}\n<\/style>\n\t<\/div>\n\t\n\t\t<\/div>\n\t\t\t\t\t<\/div>\n\n\t\n<\/div>\n\t\t<\/div>\n\n\t\t\n<style>\n#section_1999431054 {\n  padding-top: 60px;\n  padding-bottom: 60px;\n  background-color: rgb(244, 244, 244);\n}\n<\/style>\n\t<\/section>\n\t\n","protected":false},"excerpt":{"rendered":"","protected":false},"author":1,"featured_media":11271,"parent":6987,"menu_order":0,"comment_status":"closed","ping_status":"closed","template":"page-blank.php","meta":{"footnotes":""},"_links":{"self":[{"href":"https:\/\/www.scandibureau.com\/fr\/wp-json\/wp\/v2\/pages\/16084\/"}],"collection":[{"href":"https:\/\/www.scandibureau.com\/fr\/wp-json\/wp\/v2\/pages\/"}],"about":[{"href":"https:\/\/www.scandibureau.com\/fr\/wp-json\/wp\/v2\/types\/page\/"}],"author":[{"embeddable":true,"href":"https:\/\/www.scandibureau.com\/fr\/wp-json\/wp\/v2\/users\/1\/"}],"replies":[{"embeddable":true,"href":"https:\/\/www.scandibureau.com\/fr\/wp-json\/wp\/v2\/comments\/?post=16084"}],"version-history":[{"count":3,"href":"https:\/\/www.scandibureau.com\/fr\/wp-json\/wp\/v2\/pages\/16084\/revisions\/"}],"predecessor-version":[{"id":16093,"href":"https:\/\/www.scandibureau.com\/fr\/wp-json\/wp\/v2\/pages\/16084\/revisions\/16093\/"}],"up":[{"embeddable":true,"href":"https:\/\/www.scandibureau.com\/fr\/wp-json\/wp\/v2\/pages\/6987\/"}],"wp:featuredmedia":[{"embeddable":true,"href":"https:\/\/www.scandibureau.com\/fr\/wp-json\/wp\/v2\/media\/11271\/"}],"wp:attachment":[{"href":"https:\/\/www.scandibureau.com\/fr\/wp-json\/wp\/v2\/media\/?parent=16084"}],"curies":[{"name":"wp","href":"https:\/\/api.w.org\/{rel}","templated":true}]}}