{"id":18040,"date":"2023-02-03T17:23:55","date_gmt":"2023-02-03T16:23:55","guid":{"rendered":"https:\/\/www.scandibureau.com\/?page_id=18040"},"modified":"2023-03-30T17:11:06","modified_gmt":"2023-03-30T15:11:06","slug":"espaces-scandi-bureau","status":"publish","type":"page","link":"https:\/\/www.scandibureau.com\/fr\/espaces-scandi-bureau\/","title":{"rendered":"Espaces Scandi Bureau"},"content":{"rendered":"\n\t<section class=\"section dark\" id=\"section_908427336\">\n\t\t<div class=\"section-bg fill\" >\n\t\t\t\t\t\t\t\t\t\n\t\t\t\n\n\t\t<\/div>\n\n\t\t\n\n\t\t<div class=\"section-content relative\">\n\t\t\t\n<div class=\"row row-collapse\"  id=\"row-822818212\">\n\n\t<div id=\"col-286648222\" class=\"col small-12 large-12\"  >\n\t\t\t\t<div class=\"col-inner\"  >\n\t\t\t\n\t\t\t\n<div class=\"row align-bottom\"  id=\"row-146914871\">\n\n\t<div id=\"col-3952751\" class=\"col medium-7 small-12 large-7\"  >\n\t\t\t\t<div class=\"col-inner\"  >\n\t\t\t\n\t\t\t\n\t<div id=\"text-1277899499\" class=\"text\">\n\t\t\n<h1>Votre espace au coeur de Paris<\/h1>\n\t\t\n<style>\n#text-1277899499 {\n  font-size: 3rem;\n  color: #d1171c;\n}\n#text-1277899499 > * {\n  color: #d1171c;\n}\n<\/style>\n\t<\/div>\n\t\n\t\t<\/div>\n\t\t\t\t\n<style>\n#col-3952751 > .col-inner {\n  margin: 0px 0px 0px 20px;\n}\n<\/style>\n\t<\/div>\n\n\t\n\n\t<div id=\"col-133269937\" class=\"col medium-5 small-12 large-5\"  >\n\t\t\t\t<div class=\"col-inner\"  >\n\t\t\t\n\t<div class=\"is-border\"\n\t\tstyle=\"border-color:rgb(254, 187, 53);border-width:0px 0px 0px 3px;\">\n\t<\/div>\n\t\t\t\n\t<div id=\"text-84439606\" class=\"text\">\n\t\t\n<h4>Bureau flexible<br \/>\nSalle de r\u00e9union<\/h4>\n<h4><strong>Quartier Madeleine Op\u00e9ra<\/strong><\/h4>\n\t\t\n<style>\n#text-84439606 {\n  font-size: 1.75rem;\n  color: #d1171c;\n}\n#text-84439606 > * {\n  color: #d1171c;\n}\n<\/style>\n\t<\/div>\n\t\n\t\t<\/div>\n\t\t\t\t\n<style>\n#col-133269937 > .col-inner {\n  padding: 0px 25px 0px 25px;\n  margin: 0px 0px 65px 0px;\n  border-radius: 70px;\n}\n<\/style>\n\t<\/div>\n\n\t\n\n\t<div id=\"col-840694928\" class=\"col medium-12 small-12 large-9\"  >\n\t\t\t\t<div class=\"col-inner\"  >\n\t\t\t\n\t\t\t\n\t<div id=\"gap-1695005813\" class=\"gap-element clearfix\" style=\"display:block; height:auto;\">\n\t\t\n<style>\n#gap-1695005813 {\n  padding-top: 50px;\n}\n<\/style>\n\t<\/div>\n\t\n\t<div class=\"img has-hover x md-x lg-x y md-y lg-y\" id=\"image_456840065\">\n\t\t\t\t\t\t\t\t<div class=\"img-inner dark\" >\n\t\t\t<img loading=\"lazy\" decoding=\"async\" width=\"640\" height=\"480\" src=\"https:\/\/www.scandibureau.com\/wp-content\/uploads\/2016\/12\/Identit\u00e9-Entreprise_Scandi-Bureau.jpg\" class=\"attachment-large size-large\" alt=\"\" srcset=\"https:\/\/www.scandibureau.com\/wp-content\/uploads\/2016\/12\/Identit\u00e9-Entreprise_Scandi-Bureau.jpg 640w, https:\/\/www.scandibureau.com\/wp-content\/uploads\/2016\/12\/Identit\u00e9-Entreprise_Scandi-Bureau-600x450.jpg 600w\" sizes=\"(max-width: 640px) 100vw, 640px\" \/>\t\t\t\t\t\t\n\t\t\t\t\t<\/div>\n\t\t\t\t\t\t\t\t\n<style>\n#image_456840065 {\n  width: 100%;\n}\n<\/style>\n\t<\/div>\n\t\n\t\t<\/div>\n\t\t\t\t\t<\/div>\n\n\t\n<\/div>\n\t\t<\/div>\n\t\t\t\t\n<style>\n#col-286648222 > .col-inner {\n  margin: 0px 0px -225px 0px;\n}\n<\/style>\n\t<\/div>\n\n\t\n<\/div>\n\t\t<\/div>\n\n\t\t\n<style>\n#section_908427336 {\n  padding-top: 80px;\n  padding-bottom: 80px;\n  margin-bottom: 50px;\n  background-color: rgb(255,255,255);\n}\n<\/style>\n\t<\/section>\n\t\n\n\t<section class=\"section\" id=\"section_476425066\">\n\t\t<div class=\"section-bg fill\" >\n\t\t\t\t\t\t\t\t\t\n\t\t\t\n\n\t\t<\/div>\n\n\t\t\n\n\t\t<div class=\"section-content relative\">\n\t\t\t\n<div class=\"row\"  id=\"row-761285767\">\n\n\t<div id=\"col-836983049\" class=\"col medium-11 small-12 large-5\"  >\n\t\t\t\t<div class=\"col-inner\" style=\"background-color:#d1171c;\" >\n\t\t\t\n\t\t\t\n\t<div id=\"text-1761544715\" class=\"text\">\n\t\t\n<h3>30 rue Godot de Mauroy &#8211; 75009 Paris<\/h3>\n\t\t\n<style>\n#text-1761544715 {\n  font-size: 1rem;\n  text-align: left;\n  color: rgb(255,255,255);\n}\n#text-1761544715 > * {\n  color: rgb(255,255,255);\n}\n<\/style>\n\t<\/div>\n\t\n\t<div id=\"text-2704738480\" class=\"text\">\n\t\t\n<p>A louer :<\/p>\n<ul>\n<li>Bureau pour 2 -3 personnes<\/li>\n<li>Salle de r\u00e9union 6 personnes<\/li>\n<li>Services compl\u00e9mentaires en option<\/li>\n<\/ul>\n\t\t\n<style>\n#text-2704738480 {\n  color: rgb(255,255,255);\n}\n#text-2704738480 > * {\n  color: rgb(255,255,255);\n}\n<\/style>\n\t<\/div>\n\t\n\t\t<\/div>\n\t\t\t\t\n<style>\n#col-836983049 > .col-inner {\n  padding: 45px 25px 45px 25px;\n  margin: - 0px 0px 0px;\n}\n@media (min-width:550px) {\n  #col-836983049 > .col-inner {\n    margin: -100px 0px 0px 0px;\n  }\n}\n@media (min-width:850px) {\n  #col-836983049 > .col-inner {\n    margin: -200px 0px 0px 0px;\n  }\n}\n<\/style>\n\t<\/div>\n\n\t\n<\/div>\n\t<div id=\"gap-29764782\" class=\"gap-element clearfix\" style=\"display:block; height:auto;\">\n\t\t\n<style>\n#gap-29764782 {\n  padding-top: 50px;\n}\n@media (min-width:850px) {\n  #gap-29764782 {\n    padding-top: 90px;\n  }\n}\n<\/style>\n\t<\/div>\n\t\n<div class=\"row align-middle\"  id=\"row-1648031486\">\n\n\t<div id=\"col-534506170\" class=\"col medium-7 small-12 large-4\"  >\n\t\t\t\t<div class=\"col-inner text-left\"  >\n\t\t\t\n\t\t\t\n\t<div id=\"gap-2097710157\" class=\"gap-element clearfix\" style=\"display:block; height:auto;\">\n\t\t\n<style>\n#gap-2097710157 {\n  padding-top: 15px;\n}\n<\/style>\n\t<\/div>\n\t\n\t<div id=\"text-140787352\" class=\"text\">\n\t\t\n<p>BUREAU FLEXIBLE &amp; CHALEUREUX AVEC BEAUCOUP DE CARACT\u00c8RE AU COEUR DE PARIS:<\/p>\n<ul>\n<li>Capacit\u00e9: 2-3 personnes<\/li>\n<li>2 postes de travail \u00e0 hauteur r\u00e9glable avec 2 fauteuils ergonomiques<\/li>\n<li>1 Table haute avec 2 chaises hautes<\/li>\n<li>2 Fen\u00eatres avec double vitrage<\/li>\n<\/ul>\n\t\t\n<style>\n#text-140787352 {\n  color: rgb(0,0,0);\n}\n#text-140787352 > * {\n  color: rgb(0,0,0);\n}\n<\/style>\n\t<\/div>\n\t\n\t\t<\/div>\n\t\t\t\t\t<\/div>\n\n\t\n\n\t<div id=\"col-663409331\" class=\"col medium-8 small-12 large-1\"  >\n\t\t\t\t<div class=\"col-inner\"  >\n\t\t\t\n\t\t\t\n<div class=\"text-center\"><div class=\"is-divider divider clearfix\" style=\"max-width:60%;height:2px;background-color:rgb(254, 187, 53);\"><\/div><\/div>\n\t\t<\/div>\n\t\t\t\t\t<\/div>\n\n\t\n\n\t<div id=\"col-267251280\" class=\"col medium-7 small-12 large-3\"  >\n\t\t\t\t<div class=\"col-inner\"  >\n\t\t\t\n\t\t\t\n\t<div class=\"img has-hover x md-x lg-x y md-y lg-y\" id=\"image_845310251\">\n\t\t\t\t\t\t\t\t<div class=\"img-inner dark\" >\n\t\t\t<img loading=\"lazy\" decoding=\"async\" width=\"646\" height=\"492\" src=\"https:\/\/www.scandibureau.com\/wp-content\/uploads\/2023\/02\/Bureau-a-louer-Scandi-Bureau-1.jpg\" class=\"attachment-large size-large\" alt=\"\" srcset=\"https:\/\/www.scandibureau.com\/wp-content\/uploads\/2023\/02\/Bureau-a-louer-Scandi-Bureau-1.jpg 646w, https:\/\/www.scandibureau.com\/wp-content\/uploads\/2023\/02\/Bureau-a-louer-Scandi-Bureau-1-525x400.jpg 525w\" sizes=\"(max-width: 646px) 100vw, 646px\" \/>\t\t\t\t\t\t\n\t\t\t\t\t<\/div>\n\t\t\t\t\t\t\t\t\n<style>\n#image_845310251 {\n  width: 100%;\n}\n<\/style>\n\t<\/div>\n\t\n\t\t<\/div>\n\t\t\t\t\t<\/div>\n\n\t\n\n\t<div id=\"col-1210312086\" class=\"col medium-8 small-12 large-1\"  >\n\t\t\t\t<div class=\"col-inner\"  >\n\t\t\t\n\t\t\t\n<div class=\"text-center\"><div class=\"is-divider divider clearfix\" style=\"max-width:60%;height:2px;background-color:rgb(254, 187, 53);\"><\/div><\/div>\n\t\t<\/div>\n\t\t\t\t\t<\/div>\n\n\t\n\n\t<div id=\"col-786233439\" class=\"col medium-7 small-12 large-3\"  >\n\t\t\t\t<div class=\"col-inner\"  >\n\t\t\t\n\t\t\t\n\t<div class=\"img has-hover x md-x lg-x y md-y lg-y\" id=\"image_262963600\">\n\t\t\t\t\t\t\t\t<div class=\"img-inner dark\" >\n\t\t\t<img loading=\"lazy\" decoding=\"async\" width=\"646\" height=\"492\" src=\"https:\/\/www.scandibureau.com\/wp-content\/uploads\/2023\/02\/Bureau-a-louer-Scandi-Bureau-2.jpg\" class=\"attachment-large size-large\" alt=\"\" srcset=\"https:\/\/www.scandibureau.com\/wp-content\/uploads\/2023\/02\/Bureau-a-louer-Scandi-Bureau-2.jpg 646w, https:\/\/www.scandibureau.com\/wp-content\/uploads\/2023\/02\/Bureau-a-louer-Scandi-Bureau-2-525x400.jpg 525w\" sizes=\"(max-width: 646px) 100vw, 646px\" \/>\t\t\t\t\t\t\n\t\t\t\t\t<\/div>\n\t\t\t\t\t\t\t\t\n<style>\n#image_262963600 {\n  width: 100%;\n}\n<\/style>\n\t<\/div>\n\t\n\t\t<\/div>\n\t\t\t\t\t<\/div>\n\n\t\n<\/div>\n\t\t<\/div>\n\n\t\t\n<style>\n#section_476425066 {\n  padding-top: 30px;\n  padding-bottom: 30px;\n}\n<\/style>\n\t<\/section>\n\t\n\n\t<section class=\"section\" id=\"section_679413034\">\n\t\t<div class=\"section-bg fill\" >\n\t\t\t\t\t\t\t\t\t\n\t\t\t\n\n\t\t<\/div>\n\n\t\t\n\n\t\t<div class=\"section-content relative\">\n\t\t\t\n<div class=\"row align-middle\"  id=\"row-1421993939\">\n\n\t<div id=\"col-336928544\" class=\"col medium-12 small-12 large-5\"  >\n\t\t\t\t<div class=\"col-inner\"  >\n\t\t\t\n\t\t\t\n\t<div id=\"gap-861605895\" class=\"gap-element clearfix\" style=\"display:block; height:auto;\">\n\t\t\n<style>\n#gap-861605895 {\n  padding-top: 30px;\n}\n<\/style>\n\t<\/div>\n\t\n\t<div id=\"text-3357804065\" class=\"text\">\n\t\t\n<p>SALLE DE R\u00c9UNION \u00c9QUIP\u00c9E \u00c0 LA DEMANDE :<\/p>\n<ul>\n<li>Capacit\u00e9 : 6 personnes (maximum 8)<\/li>\n<li>Ecran de projection<\/li>\n<\/ul>\n\t\t\n<style>\n#text-3357804065 {\n  color: rgb(0,0,0);\n}\n#text-3357804065 > * {\n  color: rgb(0,0,0);\n}\n<\/style>\n\t<\/div>\n\t\n\t\t<\/div>\n\t\t\t\t\n<style>\n#col-336928544 > .col-inner {\n  padding: 0px 0px 0px 0px;\n}\n@media (min-width:550px) {\n  #col-336928544 > .col-inner {\n    padding: 0px 0px 0px 0px;\n  }\n}\n<\/style>\n\t<\/div>\n\n\t\n\n\t<div id=\"col-1663069918\" class=\"col medium-1 small-12 large-1\"  >\n\t\t\t\t<div class=\"col-inner\"  >\n\t\t\t\n\t\t\t\n<div class=\"text-center\"><div class=\"is-divider divider clearfix\" style=\"max-width:60%;height:2px;background-color:rgb(254, 187, 53);\"><\/div><\/div>\n\t\t<\/div>\n\t\t\t\t\t<\/div>\n\n\t\n\n\t<div id=\"col-1411287826\" class=\"col medium-12 small-12 large-6 medium-col-first\"  >\n\t\t\t\t<div class=\"col-inner\"  >\n\t\t\t\n\t\t\t\n\t<div class=\"img has-hover x md-x lg-x y md-y lg-y\" id=\"image_1660305092\">\n\t\t\t\t\t\t\t\t<div class=\"img-inner image-cover dark\" style=\"padding-top:75%;\">\n\t\t\t<img loading=\"lazy\" decoding=\"async\" width=\"1020\" height=\"680\" src=\"https:\/\/www.scandibureau.com\/wp-content\/uploads\/2021\/03\/Bilate\u0301ralite\u0301-Scandi-Bureau.jpg\" class=\"attachment-large size-large\" alt=\"\" srcset=\"https:\/\/www.scandibureau.com\/wp-content\/uploads\/2021\/03\/Bilate\u0301ralite\u0301-Scandi-Bureau.jpg 1200w, https:\/\/www.scandibureau.com\/wp-content\/uploads\/2021\/03\/Bilate\u0301ralite\u0301-Scandi-Bureau-600x400.jpg 600w, https:\/\/www.scandibureau.com\/wp-content\/uploads\/2021\/03\/Bilate\u0301ralite\u0301-Scandi-Bureau-768x512.jpg 768w\" sizes=\"(max-width: 1020px) 100vw, 1020px\" \/>\t\t\t\t\t\t\n\t\t\t\t\t<\/div>\n\t\t\t\t\t\t\t\t\n<style>\n#image_1660305092 {\n  width: 100%;\n}\n<\/style>\n\t<\/div>\n\t\n\t\t<\/div>\n\t\t\t\t\t<\/div>\n\n\t\n<\/div>\n\t\t<\/div>\n\n\t\t\n<style>\n#section_679413034 {\n  padding-top: 30px;\n  padding-bottom: 30px;\n}\n<\/style>\n\t<\/section>\n\t\n\n\t<section class=\"section\" id=\"section_1852298459\">\n\t\t<div class=\"section-bg fill\" >\n\t\t\t\t\t\t\t\t\t\n\t\t\t\n\n\t\t<\/div>\n\n\t\t\n\n\t\t<div class=\"section-content relative\">\n\t\t\t\n<div class=\"row\"  id=\"row-411823415\">\n\n\t<div id=\"col-1876053316\" class=\"col small-12 large-12\"  >\n\t\t\t\t<div class=\"col-inner text-center\"  >\n\t\t\t\n\t\t\t\n\t<div id=\"text-3372636214\" class=\"text\">\n\t\t\n<h3>Informations G\u00e9n\u00e9rales<\/h3>\n\t\t\n<style>\n#text-3372636214 {\n  font-size: 1.5rem;\n  color: #d1171c;\n}\n#text-3372636214 > * {\n  color: #d1171c;\n}\n<\/style>\n\t<\/div>\n\t\n\t<div id=\"text-3806797113\" class=\"text\">\n\t\t\n<p class=\"p1\">Acc\u00e8s du lundi au vendredi de 9h \u00e0 18h \u2022 Internet Fibre 100Mbps<\/p>\n\t\t\n<style>\n#text-3806797113 {\n  color: rgb(0,0,0);\n}\n#text-3806797113 > * {\n  color: rgb(0,0,0);\n}\n<\/style>\n\t<\/div>\n\t\n\t<div id=\"gap-719229742\" class=\"gap-element clearfix\" style=\"display:block; height:auto;\">\n\t\t\n<style>\n#gap-719229742 {\n  padding-top: 15px;\n}\n<\/style>\n\t<\/div>\n\t\n\t\t<\/div>\n\t\t\t\t\t<\/div>\n\n\t\n\n\t<div id=\"col-1939578744\" class=\"col medium-4 small-12 large-4\"  >\n\t\t\t\t<div class=\"col-inner text-left\"  >\n\t\t\t\n\t\t\t\n\t<div id=\"text-2595986371\" class=\"text\">\n\t\t\n<h6>Bureau Flexible<\/h6>\n\t\t\n<style>\n#text-2595986371 {\n  font-size: 1.5rem;\n  color: #555152;\n}\n#text-2595986371 > * {\n  color: #555152;\n}\n<\/style>\n\t<\/div>\n\t\n\t<div id=\"gap-1205935249\" class=\"gap-element clearfix\" style=\"display:block; height:auto;\">\n\t\t\n<style>\n#gap-1205935249 {\n  padding-top: 15px;\n}\n<\/style>\n\t<\/div>\n\t\n\t<div id=\"text-3839320090\" class=\"text\">\n\t\t\n<p>150 EUR HT \/ jour<\/p>\n<p>450 EUR HT \/ semaine<\/p>\n<p>1550 EUR HT \/ mois<\/p>\n\t\t\n<style>\n#text-3839320090 {\n  color: rgb(0,0,0);\n}\n#text-3839320090 > * {\n  color: rgb(0,0,0);\n}\n<\/style>\n\t<\/div>\n\t\n\t\t<\/div>\n\t\t\t\t\t<\/div>\n\n\t\n\n\t<div id=\"col-731603474\" class=\"col medium-4 small-12 large-4\"  >\n\t\t\t\t<div class=\"col-inner text-left\"  >\n\t\t\t\n\t\t\t\n\t<div id=\"text-2258050012\" class=\"text\">\n\t\t\n<h6>Salle de r\u00e9union<\/h6>\n\t\t\n<style>\n#text-2258050012 {\n  font-size: 1.5rem;\n  color: #555152;\n}\n#text-2258050012 > * {\n  color: #555152;\n}\n<\/style>\n\t<\/div>\n\t\n\t<div id=\"gap-1547969515\" class=\"gap-element clearfix\" style=\"display:block; height:auto;\">\n\t\t\n<style>\n#gap-1547969515 {\n  padding-top: 15px;\n}\n<\/style>\n\t<\/div>\n\t\n\t<div id=\"text-2310987998\" class=\"text\">\n\t\t\n<p>50 EUR HT \/ heure<\/p>\n<p>100 EUR HT \/ demi-journ\u00e9e<\/p>\n<p>150 EUR HT \/ journ\u00e9e<\/p>\n\t\t\n<style>\n#text-2310987998 {\n  color: rgb(0,0,0);\n}\n#text-2310987998 > * {\n  color: rgb(0,0,0);\n}\n<\/style>\n\t<\/div>\n\t\n\t<div id=\"gap-235955749\" class=\"gap-element clearfix\" style=\"display:block; height:auto;\">\n\t\t\n<style>\n#gap-235955749 {\n  padding-top: 15px;\n}\n<\/style>\n\t<\/div>\n\t\n\t\t<\/div>\n\t\t\t\t\t<\/div>\n\n\t\n\n\t<div id=\"col-1502537705\" class=\"col medium-4 small-12 large-4\"  >\n\t\t\t\t<div class=\"col-inner text-left\"  >\n\t\t\t\n\t\t\t\n\t<div id=\"text-1609312221\" class=\"text\">\n\t\t\n<h6>Services compl\u00e9mentaires \u00e0 la carte<\/h6>\n\t\t\n<style>\n#text-1609312221 {\n  font-size: 1.5rem;\n  color: #555152;\n}\n#text-1609312221 > * {\n  color: #555152;\n}\n<\/style>\n\t<\/div>\n\t\n\t<div id=\"gap-1491953005\" class=\"gap-element clearfix\" style=\"display:block; height:auto;\">\n\t\t\n<style>\n#gap-1491953005 {\n  padding-top: 15px;\n}\n<\/style>\n\t<\/div>\n\t\n\t<div id=\"text-3701524047\" class=\"text\">\n\t\t\n<p>Domiciliation<\/p>\n<p>Permanence t\u00e9l\u00e9phonique (Fran\u00e7ais, Anglais, langues nordiques) de 9h \u00e0 18h,<\/p>\n<p>Photocopieur, scanner : sur demande<\/p>\n<p>Exp\u00e9dition de courriers urgents : sur demande<\/p>\n<p>Commande de plateaux repas : sur demande<\/p>\n\t\t\n<style>\n#text-3701524047 {\n  color: rgb(0,0,0);\n}\n#text-3701524047 > * {\n  color: rgb(0,0,0);\n}\n<\/style>\n\t<\/div>\n\t\n\t<div id=\"gap-238496559\" class=\"gap-element clearfix\" style=\"display:block; height:auto;\">\n\t\t\n<style>\n#gap-238496559 {\n  padding-top: 15px;\n}\n<\/style>\n\t<\/div>\n\t\n\t\t<\/div>\n\t\t\t\t\t<\/div>\n\n\t\n<\/div>\n\t\t<\/div>\n\n\t\t\n<style>\n#section_1852298459 {\n  padding-top: 80px;\n  padding-bottom: 80px;\n  background-color: rgb(228, 228, 228);\n}\n<\/style>\n\t<\/section>\n\t\n\n\t<section class=\"section\" id=\"section_526194746\">\n\t\t<div class=\"section-bg fill\" >\n\t\t\t\t\t\t\t\t\t\n\t\t\t\n\n\t\t<\/div>\n\n\t\t\n\n\t\t<div class=\"section-content relative\">\n\t\t\t\n\t<div id=\"gap-1131880612\" class=\"gap-element clearfix\" style=\"display:block; height:auto;\">\n\t\t\n<style>\n#gap-1131880612 {\n  padding-top: 30px;\n}\n<\/style>\n\t<\/div>\n\t\n<div class=\"row\"  id=\"row-769345119\">\n\n\t<div id=\"col-151369304\" class=\"col medium-5 small-12 large-5\"  >\n\t\t\t\t<div class=\"col-inner\"  >\n\t\t\t\n\t\t\t\n\t<div id=\"text-4064505882\" class=\"text\">\n\t\t\n<h3>Vous \u00eates int\u00e9ress\u00e9s ?<\/h3>\n\t\t\n<style>\n#text-4064505882 {\n  font-size: 1.5rem;\n  color: rgb(0,0,0);\n}\n#text-4064505882 > * {\n  color: rgb(0,0,0);\n}\n<\/style>\n\t<\/div>\n\t\n\t\t<\/div>\n\t\t\t\t\t<\/div>\n\n\t\n\n\t<div id=\"col-2056573421\" class=\"col medium-6 small-12 large-6\"  >\n\t\t\t\t<div class=\"col-inner\"  >\n\t\t\t\n\t<div class=\"is-border\"\n\t\tstyle=\"border-color:rgb(254, 187, 53);border-width:0px 0px 0px 3px;\">\n\t<\/div>\n\t\t\t\n<a href=\"\/contact\/\" target=\"_blank\" class=\"button primary is-link\" rel=\"noopener\"  style=\"padding:0 0px 0px 0px;\">\n\t\t<span>Contactez-nous<\/span>\n\t<i class=\"icon-angle-right\" aria-hidden=\"true\" ><\/i><\/a>\n\n\t\t<\/div>\n\t\t\t\t\n<style>\n#col-2056573421 > .col-inner {\n  padding: 0px 85px 0px 85px;\n}\n<\/style>\n\t<\/div>\n\n\t\n<\/div>\n\t\t<\/div>\n\n\t\t\n<style>\n#section_526194746 {\n  padding-top: 60px;\n  padding-bottom: 60px;\n}\n<\/style>\n\t<\/section>\n\t\n\n\t<section class=\"section dark\" id=\"section_1607681127\">\n\t\t<div class=\"section-bg fill\" >\n\t\t\t\t\t\t\t\t\t\n\t\t\t\n\n\t\t<\/div>\n\n\t\t\n\n\t\t<div class=\"section-content relative\">\n\t\t\t\n<div class=\"row align-center\"  id=\"row-158090432\">\n\n\t<div id=\"col-662247440\" class=\"col medium-7 small-12 large-7\"  >\n\t\t\t\t<div class=\"col-inner text-center\"  >\n\t\t\t\n\t\t\t\n\t<div id=\"text-51731457\" class=\"text\">\n\t\t\n<h3>Scandi Bureau<\/h3>\n\t\t\n<style>\n#text-51731457 {\n  font-size: 1.5rem;\n}\n<\/style>\n\t<\/div>\n\t\n<p class=\"p2\"><b>+33 (0)1 53 30 41 33<\/b><\/p>\n<p class=\"p2\"><b>bonjour@scandibureau.com<\/b><\/p>\n\t\t<\/div>\n\t\t\t\t\t<\/div>\n\n\t\n<\/div>\n\t<div id=\"gap-646714770\" class=\"gap-element clearfix\" style=\"display:block; height:auto;\">\n\t\t\n<style>\n#gap-646714770 {\n  padding-top: 100px;\n}\n<\/style>\n\t<\/div>\n\t\n\t\t<\/div>\n\n\t\t\n<style>\n#section_1607681127 {\n  padding-top: 80px;\n  padding-bottom: 80px;\n  background-color: #d1171c;\n}\n<\/style>\n\t<\/section>\n\t\n\n\t<section class=\"section\" id=\"section_593731792\">\n\t\t<div class=\"section-bg fill\" >\n\t\t\t\t\t\t\t\t\t\n\t\t\t\n\n\t\t<\/div>\n\n\t\t\n\n\t\t<div class=\"section-content relative\">\n\t\t\t\n<div class=\"row align-center\"  id=\"row-1519036904\">\n\n\t<div id=\"col-269134031\" class=\"col small-12 large-12\"  >\n\t\t\t\t<div class=\"col-inner\"  >\n\t\t\t\n\t\t\t\n<div class=\"slider-wrapper relative\" id=\"slider-1348453698\" >\n    <div class=\"slider slider-type-fade slider-nav-dots-simple slider-nav-simple slider-nav-large slider-nav-dark slider-nav-outside slider-style-normal slider-show-nav\"\n        data-flickity-options='{\n            \"cellAlign\": \"center\",\n            \"imagesLoaded\": true,\n            \"lazyLoad\": 1,\n            \"freeScroll\": false,\n            \"wrapAround\": true,\n            \"autoPlay\": false,\n            \"pauseAutoPlayOnHover\" : true,\n            \"prevNextButtons\": true,\n            \"contain\" : true,\n            \"adaptiveHeight\" : true,\n            \"dragThreshold\" : 10,\n            \"percentPosition\": true,\n            \"pageDots\": false,\n            \"rightToLeft\": false,\n            \"draggable\": true,\n            \"selectedAttraction\": 0.1,\n            \"parallax\" : 0,\n            \"friction\": 0.6        }'\n        >\n        \n<div class=\"row align-center\"  id=\"row-2022545411\">\n\n\t<div id=\"col-392275462\" class=\"col medium-4 small-12 large-4\"  >\n\t\t\t\t<div class=\"col-inner\"  >\n\t\t\t\n\t\t\t\n\n  <div class=\"banner has-hover bg-zoom\" id=\"banner-230625347\">\n          <div class=\"banner-inner fill\">\n        <div class=\"banner-bg fill\" >\n            <img loading=\"lazy\" decoding=\"async\" width=\"1020\" height=\"680\" src=\"https:\/\/www.scandibureau.com\/wp-content\/uploads\/2023\/02\/Screenshot-2023-02-03-at-17.17.58.png\" class=\"bg attachment-large size-large\" alt=\"\" \/>                                    \n                    <\/div>\n\t\t\n        <div class=\"banner-layers container\">\n            <a class=\"fill\" href=\"#\" ><div class=\"fill banner-link\"><\/div><\/a>            \n   <div id=\"text-box-1230873090\" class=\"text-box banner-layer x50 md-x50 lg-x50 y50 md-y50 lg-y50 res-text\">\n                                <div class=\"text-box-content text dark\">\n              \n              <div class=\"text-inner text-center\">\n                  \n              <\/div>\n           <\/div>\n                            \n<style>\n#text-box-1230873090 {\n  width: 60%;\n}\n#text-box-1230873090 .text-box-content {\n  font-size: 100%;\n}\n@media (min-width:550px) {\n  #text-box-1230873090 {\n    width: 60%;\n  }\n}\n<\/style>\n    <\/div>\n \n        <\/div>\n      <\/div>\n\n            \n<style>\n#banner-230625347 {\n  padding-top: 300px;\n  background-color: rgb(255, 255, 255);\n}\n#banner-230625347 .banner-bg img {\n  object-position: 33% 63%;\n}\n@media (min-width:550px) {\n  #banner-230625347 {\n    padding-top: 300px;\n  }\n}\n@media (min-width:850px) {\n  #banner-230625347 {\n    padding-top: 300px;\n  }\n}\n<\/style>\n  <\/div>\n\n\n\t\t<\/div>\n\t\t\t\t\t<\/div>\n\n\t\n\n\t<div id=\"col-1356597922\" class=\"col medium-4 small-12 large-4\"  >\n\t\t\t\t<div class=\"col-inner\"  >\n\t\t\t\n\t\t\t\n\n  <div class=\"banner has-hover bg-zoom\" id=\"banner-820013008\">\n          <div class=\"banner-inner fill\">\n        <div class=\"banner-bg fill\" >\n            <img loading=\"lazy\" decoding=\"async\" width=\"1020\" height=\"676\" src=\"https:\/\/www.scandibureau.com\/wp-content\/uploads\/2023\/02\/Screenshot-2023-02-03-at-17.18.11.png\" class=\"bg attachment-large size-large\" alt=\"\" \/>                                    \n                    <\/div>\n\t\t\n        <div class=\"banner-layers container\">\n            <a class=\"fill\" href=\"#\" ><div class=\"fill banner-link\"><\/div><\/a>            \n   <div id=\"text-box-1483820765\" class=\"text-box banner-layer x50 md-x50 lg-x50 y50 md-y50 lg-y50 res-text\">\n                                <div class=\"text-box-content text dark\">\n              \n              <div class=\"text-inner text-center\">\n                  \n              <\/div>\n           <\/div>\n                            \n<style>\n#text-box-1483820765 {\n  width: 60%;\n}\n#text-box-1483820765 .text-box-content {\n  font-size: 100%;\n}\n@media (min-width:550px) {\n  #text-box-1483820765 {\n    width: 60%;\n  }\n}\n<\/style>\n    <\/div>\n \n        <\/div>\n      <\/div>\n\n            \n<style>\n#banner-820013008 {\n  padding-top: 300px;\n  background-color: rgb(255, 255, 255);\n}\n@media (min-width:850px) {\n  #banner-820013008 {\n    padding-top: 300px;\n  }\n}\n<\/style>\n  <\/div>\n\n\n\t\t<\/div>\n\t\t\t\t\t<\/div>\n\n\t\n\n\t<div id=\"col-1197061489\" class=\"col medium-4 small-12 large-4\"  >\n\t\t\t\t<div class=\"col-inner\"  >\n\t\t\t\n\t\t\t\n\n  <div class=\"banner has-hover bg-zoom\" id=\"banner-1045414180\">\n          <div class=\"banner-inner fill\">\n        <div class=\"banner-bg fill\" >\n            <img loading=\"lazy\" decoding=\"async\" width=\"698\" height=\"464\" src=\"https:\/\/www.scandibureau.com\/wp-content\/uploads\/2023\/02\/Screenshot-2023-02-03-at-17.17.46.png\" class=\"bg attachment-large size-large\" alt=\"\" \/>                                    \n                    <\/div>\n\t\t\n        <div class=\"banner-layers container\">\n            <a class=\"fill\" href=\"#\" ><div class=\"fill banner-link\"><\/div><\/a>            \n   <div id=\"text-box-1838538502\" class=\"text-box banner-layer x50 md-x50 lg-x50 y50 md-y50 lg-y50 res-text\">\n                                <div class=\"text-box-content text dark\">\n              \n              <div class=\"text-inner text-center\">\n                  \n              <\/div>\n           <\/div>\n                            \n<style>\n#text-box-1838538502 {\n  width: 60%;\n}\n#text-box-1838538502 .text-box-content {\n  font-size: 100%;\n}\n@media (min-width:550px) {\n  #text-box-1838538502 {\n    width: 60%;\n  }\n}\n<\/style>\n    <\/div>\n \n        <\/div>\n      <\/div>\n\n            \n<style>\n#banner-1045414180 {\n  padding-top: 300px;\n  background-color: rgb(255, 255, 255);\n}\n@media (min-width:850px) {\n  #banner-1045414180 {\n    padding-top: 300px;\n  }\n}\n<\/style>\n  <\/div>\n\n\n\t\t<\/div>\n\t\t\t\t\t<\/div>\n\n\t\n<\/div>\n     <\/div>\n\n     <div class=\"loading-spin dark large centered\"><\/div>\n\n\t<\/div>\n\n\n\t<div id=\"gap-255758420\" class=\"gap-element clearfix\" style=\"display:block; height:auto;\">\n\t\t\n<style>\n#gap-255758420 {\n  padding-top: 50px;\n}\n<\/style>\n\t<\/div>\n\t\n\t\t<\/div>\n\t\t\t\t\n<style>\n#col-269134031 > .col-inner {\n  margin: -175px 0px 0px 0px;\n}\n<\/style>\n\t<\/div>\n\n\t\n<\/div>\n\t\t<\/div>\n\n\t\t\n<style>\n#section_593731792 {\n  padding-top: 30px;\n  padding-bottom: 30px;\n}\n<\/style>\n\t<\/section>\n\t\n","protected":false},"excerpt":{"rendered":"","protected":false},"author":1,"featured_media":18124,"parent":0,"menu_order":0,"comment_status":"closed","ping_status":"closed","template":"page-blank.php","meta":{"footnotes":""},"_links":{"self":[{"href":"https:\/\/www.scandibureau.com\/fr\/wp-json\/wp\/v2\/pages\/18040\/"}],"collection":[{"href":"https:\/\/www.scandibureau.com\/fr\/wp-json\/wp\/v2\/pages\/"}],"about":[{"href":"https:\/\/www.scandibureau.com\/fr\/wp-json\/wp\/v2\/types\/page\/"}],"author":[{"embeddable":true,"href":"https:\/\/www.scandibureau.com\/fr\/wp-json\/wp\/v2\/users\/1\/"}],"replies":[{"embeddable":true,"href":"https:\/\/www.scandibureau.com\/fr\/wp-json\/wp\/v2\/comments\/?post=18040"}],"version-history":[{"count":5,"href":"https:\/\/www.scandibureau.com\/fr\/wp-json\/wp\/v2\/pages\/18040\/revisions\/"}],"predecessor-version":[{"id":19082,"href":"https:\/\/www.scandibureau.com\/fr\/wp-json\/wp\/v2\/pages\/18040\/revisions\/19082\/"}],"wp:featuredmedia":[{"embeddable":true,"href":"https:\/\/www.scandibureau.com\/fr\/wp-json\/wp\/v2\/media\/18124\/"}],"wp:attachment":[{"href":"https:\/\/www.scandibureau.com\/fr\/wp-json\/wp\/v2\/media\/?parent=18040"}],"curies":[{"name":"wp","href":"https:\/\/api.w.org\/{rel}","templated":true}]}}