{"id":19493,"date":"2022-10-07T14:44:55","date_gmt":"2022-10-07T12:44:55","guid":{"rendered":"https:\/\/www.scandibureau.com\/?page_id=19493"},"modified":"2023-05-23T10:41:01","modified_gmt":"2023-05-23T08:41:01","slug":"framganghistoria-babybjorn","status":"publish","type":"page","link":"https:\/\/www.scandibureau.com\/sv\/framganghistoria-babybjorn\/","title":{"rendered":"Framg\u00e5nghistoria BabyBj\u00f6rn"},"content":{"rendered":"\n\t<section class=\"section dark\" id=\"section_1813914537\">\n\t\t<div class=\"section-bg fill\" >\n\t\t\t<img loading=\"lazy\" decoding=\"async\" width=\"1500\" height=\"998\" src=\"https:\/\/www.scandibureau.com\/wp-content\/uploads\/2017\/01\/Paris-Night-Lights.jpg\" class=\"bg attachment- size-\" alt=\"Scandi Bureau - expand business in France\" \/>\t\t\t\t\t\t<div class=\"section-bg-overlay absolute fill\"><\/div>\n\t\t\t\n\n\t\t<\/div>\n\n\t\t\n\n\t\t<div class=\"section-content relative\">\n\t\t\t\n<div class=\"row\"  id=\"row-1510840837\">\n\n\t<div id=\"col-575609451\" class=\"col medium-7 small-9 large-12\"  >\n\t\t\t\t<div class=\"col-inner text-center\"  >\n\t\t\t\n\t\t\t\n<h1><span style=\"font-size: 200%;\">Success Story BabyBj\u00f6rn<\/span><\/h1>\n\t\t<\/div>\n\t\t\t\t\t<\/div>\n\n\t\n<\/div>\n\t\t<\/div>\n\n\t\t\n<style>\n#section_1813914537 {\n  padding-top: 100px;\n  padding-bottom: 100px;\n}\n#section_1813914537 .section-bg-overlay {\n  background-color: rgba(0, 0, 0, 0.13);\n}\n#section_1813914537 .section-bg img {\n  object-position: 1% 72%;\n}\n@media (min-width:550px) {\n  #section_1813914537 {\n    padding-top: 140px;\n    padding-bottom: 140px;\n  }\n}\n@media (min-width:850px) {\n  #section_1813914537 {\n    padding-top: 100px;\n    padding-bottom: 100px;\n  }\n}\n<\/style>\n\t<\/section>\n\t\n\n\t<section class=\"section\" id=\"section_278999035\">\n\t\t<div class=\"section-bg fill\" >\n\t\t\t\t\t\t\t\t\t\n\t\t\t\n\n\t\t<\/div>\n\n\t\t\n\n\t\t<div class=\"section-content relative\">\n\t\t\t\n<div class=\"row\"  id=\"row-1240685921\">\n\n\t<div id=\"col-1124040783\" class=\"col small-12 large-12\"  >\n\t\t\t\t<div class=\"col-inner\" style=\"background-color:rgb(255,255,255);\" >\n\t\t\t\n\t\t\t\n<div class=\"row align-center\"  id=\"row-559707556\">\n\n\t<div id=\"col-639489532\" class=\"col medium-9 small-10 large-10\"  >\n\t\t\t\t<div class=\"col-inner text-center\" style=\"background-color:rgb(255,255,255);\" >\n\t\t\t\n\t\t\t\n<div class=\"container section-title-container\" style=\"max-width:1200px;\"><h2 class=\"section-title section-title-center\"><b><\/b><span class=\"section-title-main\" style=\"font-size:80%;\">OM KUNDEN<\/span><b><\/b><\/h2><\/div>\n\t\t<\/div>\n\t\t\t\t\n<style>\n#col-639489532 > .col-inner {\n  margin: 20px 0px 20px 0px;\n}\n<\/style>\n\t<\/div>\n\n\t\n\n\t<div id=\"col-423213782\" class=\"col medium-7 small-12 large-7\"  >\n\t\t\t\t<div class=\"col-inner\" style=\"background-color:rgb(255,255,255);\" >\n\t\t\t\n\t\t\t\n<p>BabyBj\u00f6rn \u00e4r ett svenskt familje\u00e4gt f\u00f6retag, som tillverkar s\u00e4kra och v\u00e4ldesignade kvalitetsprodukter till bebisar och f\u00f6r\u00e4ldrar v\u00e4rlden \u00f6ver. Vi brinner f\u00f6r att f\u00f6renkla vardagen, fr\u00e4mja n\u00e4rhet och hj\u00e4lpa familjer att njuta av sm\u00e5barns\u00e5rens alla v\u00e4rdefulla \u00f6gonblick.<\/p>\n<a href=\"https:\/\/www.babybjorn.com\/\" target=\"_blank\" class=\"button secondary is-underline\" rel=\"noopener\" style=\"border-radius:4px;\">\n\t\t<span>TILL WEBSITE<\/span>\n\t<\/a>\n\n\t\t<\/div>\n\t\t\t\t\t<\/div>\n\n\t\n\n\t<div id=\"col-383966552\" class=\"col medium-3 small-12 large-3\"  >\n\t\t\t\t<div class=\"col-inner\"  >\n\t\t\t\n\t\t\t\n\t<div class=\"img has-hover x md-x lg-x y md-y lg-y\" id=\"image_1679240291\">\n\t\t\t\t\t\t\t\t<div class=\"img-inner dark\" >\n\t\t\t<img loading=\"lazy\" decoding=\"async\" width=\"1020\" height=\"200\" src=\"https:\/\/www.scandibureau.com\/wp-content\/uploads\/2019\/06\/BABYBJORN-Logo-ONLY-for-web-and-digital-media-1400x274.jpg\" class=\"attachment-large size-large\" alt=\"\" srcset=\"https:\/\/www.scandibureau.com\/wp-content\/uploads\/2019\/06\/BABYBJORN-Logo-ONLY-for-web-and-digital-media-1400x274.jpg 1400w, https:\/\/www.scandibureau.com\/wp-content\/uploads\/2019\/06\/BABYBJORN-Logo-ONLY-for-web-and-digital-media-800x157.jpg 800w, https:\/\/www.scandibureau.com\/wp-content\/uploads\/2019\/06\/BABYBJORN-Logo-ONLY-for-web-and-digital-media-768x150.jpg 768w, https:\/\/www.scandibureau.com\/wp-content\/uploads\/2019\/06\/BABYBJORN-Logo-ONLY-for-web-and-digital-media-600x117.jpg 600w\" sizes=\"(max-width: 1020px) 100vw, 1020px\" \/>\t\t\t\t\t\t\n\t\t\t\t\t<\/div>\n\t\t\t\t\t\t\t\t\n<style>\n#image_1679240291 {\n  width: 100%;\n}\n<\/style>\n\t<\/div>\n\t\n\t\t<\/div>\n\t\t\t\t\t<\/div>\n\n\t\n\n<style>\n#row-559707556 > .col > .col-inner {\n  background-color: rgb(244, 244, 244);\n}\n<\/style>\n<\/div>\n\t\t<\/div>\n\t\t\t\t\n<style>\n#col-1124040783 > .col-inner {\n  padding: 35px 0px 0px 0px;\n  margin: -70px 0px 0px 0px;\n}\n<\/style>\n\t<\/div>\n\n\t\n<\/div>\n\t\t<\/div>\n\n\t\t\n<style>\n#section_278999035 {\n  padding-top: 20px;\n  padding-bottom: 20px;\n  background-color: rgb(244, 244, 244);\n}\n<\/style>\n\t<\/section>\n\t\n\n\t<section class=\"section\" id=\"section_1229363228\">\n\t\t<div class=\"section-bg fill\" >\n\t\t\t\t\t\t\t\t\t\n\t\t\t\n\n\t\t<\/div>\n\n\t\t\n\n\t\t<div class=\"section-content relative\">\n\t\t\t\n<div class=\"row\"  id=\"row-1082150643\">\n\n\t<div id=\"col-1696717375\" class=\"col medium-8 small-12 large-8\"  >\n\t\t\t\t<div class=\"col-inner\"  >\n\t\t\t\n\t\t\t\n<div class=\"container section-title-container\" style=\"max-width:1200px;\"><h3 class=\"section-title section-title-bold\"><b><\/b><span class=\"section-title-main\" style=\"font-size:80%;color:rgb(254, 187, 53);\"><i class=\"icon-search\" ><\/i>UTMANING<\/span><b><\/b><\/h3><\/div>\n\t\t<\/div>\n\t\t\t\t\n<style>\n#col-1696717375 > .col-inner {\n  margin: 0px 0px 0px 0px;\n}\n<\/style>\n\t<\/div>\n\n\t\n\n\t<div id=\"col-960616385\" class=\"col medium-11 small-12 large-5\"  >\n\t\t\t\t<div class=\"col-inner\"  >\n\t\t\t\n\t\t\t\n<p>BabyBj\u00f6rn, ett av v\u00e4rldens ledande f\u00f6retag inom babyprodukter, ville erbjuda lokalt st\u00f6d till sina butiks-och slutkunder p\u00e5 den franska marknaden.<\/p>\n\t\t<\/div>\n\t\t\t\t\t<\/div>\n\n\t\n\n\t<div id=\"col-1747554734\" class=\"col medium-11 small-12 large-5\"  >\n\t\t\t\t<div class=\"col-inner\"  >\n\t\t\t\n\t\t\t\n<p>Det svenska f\u00f6retaget anlitade Scandi Bureau 2010 f\u00f6r att erbjuda fransktalande kundtj\u00e4nst gentemot b\u00e5de butiker och slutkunder.<\/p>\n\t\t<\/div>\n\t\t\t\t\t<\/div>\n\n\t\n\n<style>\n#row-1082150643 > .col > .col-inner {\n  padding: 50px 0px 20px 0px;\n}\n@media (min-width:550px) {\n  #row-1082150643 > .col > .col-inner {\n    padding: 0px 0px 0px 0px;\n  }\n}\n<\/style>\n<\/div>\n\t<div id=\"gap-453251822\" class=\"gap-element clearfix\" style=\"display:block; height:auto;\">\n\t\t\n<style>\n#gap-453251822 {\n  padding-top: 50px;\n}\n<\/style>\n\t<\/div>\n\t\n<div class=\"row\"  id=\"row-1072920949\">\n\n\t<div id=\"col-1425506744\" class=\"col medium-10 small-12 large-10\"  >\n\t\t\t\t<div class=\"col-inner\"  >\n\t\t\t\n\t\t\t\n<blockquote style=\"font-size: 100%; font-style: normal;\">\n<p><span style=\"font-size: 110%;\"><em>Vi uppskattade verkligen teamets dagliga reaktionsf\u00f6rm\u00e5ga, professionalism och kundfokus.<br \/>\nScandi Bureau har varit en integrerad del av v\u00e5r organisation i Frankrike under 12 \u00e5rs framg\u00e5ngsrikt samarbete.<\/em><\/span><\/p>\n<\/blockquote>\n\n\t\t<div class=\"icon-box featured-box circle icon-box-left text-left is-small\"  >\n\t\t\t\t\t<div class=\"icon-box-img\" style=\"width: 35px\">\n\t\t\t\t<div class=\"icon\">\n\t\t\t\t\t<div class=\"icon-inner\" >\n\t\t\t\t\t\t\t\t\t\t\t<\/div>\n\t\t\t\t<\/div>\n\t\t\t<\/div>\n\t\t\t\t<div class=\"icon-box-text last-reset\">\n\t\t\t\t\t\t\t\t\t\n<h3 style=\"margin-bottom: 0px;\">Fr\u00e9d\u00e9ric Guillaume<\/h3>\n<p>Regional Manager EMEA<\/p>\n\t\t<\/div>\n\t<\/div>\n\t\n\t\n\t\t<\/div>\n\t\t\t\t\t<\/div>\n\n\t\n<\/div>\n\t<div id=\"gap-457982646\" class=\"gap-element clearfix\" style=\"display:block; height:auto;\">\n\t\t\n<style>\n#gap-457982646 {\n  padding-top: 25px;\n}\n<\/style>\n\t<\/div>\n\t\n<div class=\"row\"  id=\"row-284422753\">\n\n\t<div id=\"col-1291107428\" class=\"col medium-8 small-12 large-8\"  >\n\t\t\t\t<div class=\"col-inner\"  >\n\t\t\t\n\t\t\t\n<div class=\"container section-title-container\" style=\"max-width:1200px;\"><h3 class=\"section-title section-title-bold\"><b><\/b><span class=\"section-title-main\" style=\"font-size:80%;color:rgb(209, 23, 28);\"><i class=\"icon-play\" ><\/i>L\u00d6SNING<\/span><b><\/b><\/h3><\/div>\n\t\t<\/div>\n\t\t\t\t\t<\/div>\n\n\t\n\n\t<div id=\"col-473805043\" class=\"col medium-11 small-12 large-5\"  >\n\t\t\t\t<div class=\"col-inner\"  >\n\t\t\t\n\t\t\t\n<p>Utbildning av Scandi Bureau\u2019s team f\u00f6r f\u00f6ljande uppdrag:<\/p>\n<ul>\n<li>Kundtj\u00e4nst,<\/li>\n<li>Uppf\u00f6ljning av best\u00e4llningar,<\/li>\n<li>Presentation av nya produkter i butik samt s\u00e4ljutbildning,<\/li>\n<li>Management av sociala media enligt BabyBj\u00f6rns riktlinjer<\/li>\n<\/ul>\n\t\t<\/div>\n\t\t\t\t\t<\/div>\n\n\t\n\n\t<div id=\"col-2014654727\" class=\"col medium-11 small-12 large-5\"  >\n\t\t\t\t<div class=\"col-inner\"  >\n\t\t\t\n\t\t\t\n<p>Scandi Bureau inr\u00e4ttade tv\u00e5 dedikerade telefonnummer (f\u00f6r konsumenter samt butiker) samt en e-mejladress.<\/p>\n<p>Scandi Bureau&#8217;s backoffice sk\u00f6tte \u00e4ven den m\u00e5natliga momsdeklarationen i Frankrike.<\/p>\n<a href=\"https:\/\/www.scandibureau.com\/services\/\" target=\"_blank\" class=\"button primary\" rel=\"noopener\">\n\t\t<span>L\u00c4S MER OM V\u00c5RA TJ\u00c4NSTER<\/span>\n\t<\/a>\n\n\t\t<\/div>\n\t\t\t\t\t<\/div>\n\n\t\n\n<style>\n#row-284422753 > .col > .col-inner {\n  padding: 50px 0px 20px 0px;\n}\n@media (min-width:550px) {\n  #row-284422753 > .col > .col-inner {\n    padding: 0px 0px 0px 0px;\n  }\n}\n<\/style>\n<\/div>\n\t<div id=\"gap-1602368855\" class=\"gap-element clearfix\" style=\"display:block; height:auto;\">\n\t\t\n<style>\n#gap-1602368855 {\n  padding-top: 25px;\n}\n<\/style>\n\t<\/div>\n\t\n<div class=\"row align-center\"  id=\"row-360588773\">\n\n\t<div id=\"col-977138553\" class=\"col medium-11 small-12 large-12\"  >\n\t\t\t\t<div class=\"col-inner\"  >\n\t\t\t\n\t\t\t\n<div class=\"row row-large align-middle\"  id=\"row-1317645209\">\n\n\t<div id=\"col-180602867\" class=\"col medium-8 small-12 large-5\"  >\n\t\t\t\t<div class=\"col-inner\"  >\n\t\t\t\n\t\t\t\n<div class=\"container section-title-container\" style=\"max-width:1200px;\"><h3 class=\"section-title section-title-bold\"><b><\/b><span class=\"section-title-main\" style=\"font-size:80%;\"><i class=\"icon-heart-o\" ><\/i>Resultat<\/span><b><\/b><\/h3><\/div>\n<p>Kundtj\u00e4nst hanterad i 12 \u00e5r (2010 &#8211; 2022) av en dedikerad tv\u00e5spr\u00e5kig person, f\u00f6r kunderna p\u00e5 den franska marknaden och gentemot BabyBj\u00f6rn i Sverige.<\/p>\n<p>H\u00f6gkvalitativ kundtj\u00e4nst som hanterade i genomsnitt 300 e-mail, 100 inkommande samtal och sociala media (Facebook) varje m\u00e5nad.<\/p>\n\t<div id=\"gap-324153113\" class=\"gap-element clearfix\" style=\"display:block; height:auto;\">\n\t\t\n<style>\n#gap-324153113 {\n  padding-top: 50px;\n}\n<\/style>\n\t<\/div>\n\t\n<a href=\"https:\/\/www.scandibureau.com\/wp-content\/uploads\/2023\/05\/Success-Story-BabyBjorn-SV-Scandi-Bureau_Oct-2022.pdf\" target=\"_blank\" class=\"button secondary\" rel=\"noopener\">\n\t<i class=\"icon-expand\" aria-hidden=\"true\" ><\/i>\t<span>Ladda Ner Success Story<\/span>\n\t<\/a>\n\n\t\t<\/div>\n\t\t\t\t\t<\/div>\n\n\t\n\n\t<div id=\"col-627666405\" class=\"col medium-4 small-12 large-5 medium-col-first\"  >\n\t\t\t\t<div class=\"col-inner\"  >\n\t\t\t\n\t\t\t\n\t<div class=\"img has-hover x md-x lg-x y md-y lg-y\" id=\"image_825772029\">\n\t\t\t\t\t\t\t\t<div class=\"img-inner image-cover dark\" style=\"padding-top:50%;\">\n\t\t\t<img loading=\"lazy\" decoding=\"async\" width=\"1020\" height=\"680\" src=\"https:\/\/www.scandibureau.com\/wp-content\/uploads\/2019\/06\/Mascotte-3-quart-arri\u00e8re-1200x800.jpg\" class=\"attachment-large size-large\" alt=\"references\" srcset=\"https:\/\/www.scandibureau.com\/wp-content\/uploads\/2019\/06\/Mascotte-3-quart-arri\u00e8re-1200x800.jpg 1200w, https:\/\/www.scandibureau.com\/wp-content\/uploads\/2019\/06\/Mascotte-3-quart-arri\u00e8re-600x400.jpg 600w, https:\/\/www.scandibureau.com\/wp-content\/uploads\/2019\/06\/Mascotte-3-quart-arri\u00e8re-768x512.jpg 768w\" sizes=\"(max-width: 1020px) 100vw, 1020px\" \/>\t\t\t\t\t\t\n\t\t\t\t\t<\/div>\n\t\t\t\t\t\t\t\t\n<style>\n#image_825772029 {\n  width: 100%;\n}\n<\/style>\n\t<\/div>\n\t\n\t\t<\/div>\n\t\t\t\t\t<\/div>\n\n\t\n<\/div>\n\t\t<\/div>\n\t\t\t\t\t<\/div>\n\n\t\n<\/div>\n\t\t<\/div>\n\n\t\t\n<style>\n#section_1229363228 {\n  padding-top: 50px;\n  padding-bottom: 50px;\n  background-color: rgb(255, 255, 255);\n}\n<\/style>\n\t<\/section>\n\t\n\n\t<section class=\"section\" id=\"section_572473092\">\n\t\t<div class=\"section-bg fill\" >\n\t\t\t\t\t\t\t\t\t\n\t\t\t\n\n\t\t<\/div>\n\n\t\t\n\n\t\t<div class=\"section-content relative\">\n\t\t\t\n<div class=\"row row-large steps-simple-headline\"  id=\"row-1778582452\">\n\n\t<div id=\"col-2119859510\" class=\"col medium-4 small-12 large-4\"  >\n\t\t\t\t<div class=\"col-inner\"  >\n\t\t\t\n\t\t\t\n<h2>Newsletter Scandi Bureau<\/h2>\n<p>Keep in touch and get the last News and the recent posts of Scandi Bureau.<\/p>\n\t\t<\/div>\n\t\t\t\t\t<\/div>\n\n\t\n\n\t<div id=\"col-784133719\" class=\"col hide-for-medium medium-1 small-12 large-1\"  >\n\t\t\t\t<div class=\"col-inner\"  >\n\t\t\t\n\t\t\t\n\t<div id=\"gap-412140340\" class=\"gap-element clearfix\" style=\"display:block; height:auto;\">\n\t\t\n<style>\n#gap-412140340 {\n  padding-top: 30px;\n}\n<\/style>\n\t<\/div>\n\t\n\t\t<\/div>\n\t\t\t\t\t<\/div>\n\n\t\n\n\t<div id=\"col-1864915594\" class=\"col medium-8 small-12 large-7\"  >\n\t\t\t\t<div class=\"col-inner\"  >\n\t\t\t\n\t\t\t\n\t<div id=\"text-1795600500\" class=\"text\">\n\t\t\n[mailerlite_form form_id=2]\n\t\t\n<style>\n#text-1795600500 {\n  text-align: center;\n}\n<\/style>\n\t<\/div>\n\t\n\t\t<\/div>\n\t\t\t\t\t<\/div>\n\n\t\n<\/div>\n\t\t<\/div>\n\n\t\t\n<style>\n#section_572473092 {\n  padding-top: 60px;\n  padding-bottom: 60px;\n  background-color: rgb(244, 244, 244);\n}\n<\/style>\n\t<\/section>\n\t\n","protected":false},"excerpt":{"rendered":"","protected":false},"author":1,"featured_media":11273,"parent":0,"menu_order":0,"comment_status":"closed","ping_status":"closed","template":"page-blank.php","meta":{"footnotes":""},"_links":{"self":[{"href":"https:\/\/www.scandibureau.com\/sv\/wp-json\/wp\/v2\/pages\/19493\/"}],"collection":[{"href":"https:\/\/www.scandibureau.com\/sv\/wp-json\/wp\/v2\/pages\/"}],"about":[{"href":"https:\/\/www.scandibureau.com\/sv\/wp-json\/wp\/v2\/types\/page\/"}],"author":[{"embeddable":true,"href":"https:\/\/www.scandibureau.com\/sv\/wp-json\/wp\/v2\/users\/1\/"}],"replies":[{"embeddable":true,"href":"https:\/\/www.scandibureau.com\/sv\/wp-json\/wp\/v2\/comments\/?post=19493"}],"version-history":[{"count":3,"href":"https:\/\/www.scandibureau.com\/sv\/wp-json\/wp\/v2\/pages\/19493\/revisions\/"}],"predecessor-version":[{"id":19496,"href":"https:\/\/www.scandibureau.com\/sv\/wp-json\/wp\/v2\/pages\/19493\/revisions\/19496\/"}],"wp:featuredmedia":[{"embeddable":true,"href":"https:\/\/www.scandibureau.com\/sv\/wp-json\/wp\/v2\/media\/11273\/"}],"wp:attachment":[{"href":"https:\/\/www.scandibureau.com\/sv\/wp-json\/wp\/v2\/media\/?parent=19493"}],"curies":[{"name":"wp","href":"https:\/\/api.w.org\/{rel}","templated":true}]}}